{"id":92,"date":"2018-06-01T17:25:33","date_gmt":"2018-06-01T15:25:33","guid":{"rendered":"https:\/\/www.praxis-kraemer.com\/wordpress\/?page_id=92"},"modified":"2025-06-16T12:05:51","modified_gmt":"2025-06-16T10:05:51","slug":"ergotherapie-in-ahrweiler","status":"publish","type":"page","link":"https:\/\/www.praxis-kraemer.com\/wordpress\/ergotherapie-in-ahrweiler\/","title":{"rendered":"Ergotherapie"},"content":{"rendered":"<div id=\"pl-92\"  class=\"panel-layout\" ><div id=\"pg-92-0\"  class=\"panel-grid panel-no-style\" ><div id=\"pgc-92-0-0\"  class=\"panel-grid-cell\" ><div id=\"panel-92-0-0-0\" class=\"so-panel widget widget_sow-editor panel-first-child panel-last-child\" data-index=\"0\" ><div\n\t\t\t\n\t\t\tclass=\"so-widget-sow-editor so-widget-sow-editor-base\"\n\t\t\t\n\t\t>\n<div class=\"siteorigin-widget-tinymce textwidget\">\n\t<h2>Was ist Ergotherapie?<\/h2>\n<p>Ergotherapie ist ein \u00e4rztlich verordnetes Heilmittel, welches Menschen jeden Alters begleitet und unterst\u00fctzt, die in Ihrer Handlungsf\u00e4higkeit im Alltag eingeschr\u00e4nkt oder von Einschr\u00e4nkung bedroht sind. Dabei betrachtet die Ergotherapie die drei Lebensbereiche Produktivit\u00e4t, Selbstversorgung und Freizeit, sowie die individuelle Umwelt in der die Handlungen und Aktivit\u00e4ten einer Person eingebunden sind. Ziel ist es die gr\u00f6\u00dftm\u00f6gliche Handlungsf\u00e4higkeit und Zufriedenheit einer Person in ihrem Kontext zu erreichen. Dabei spielt die Teilhabe am gesellschaftlichen Leben ebenso ein Rolle. In der Ergotherapie ist Handlung Mittel und Ziel zugleich und der Mensch mehr als die Summe seiner Einzelteile.<\/p>\n<\/div>\n<\/div><\/div><\/div><\/div><div id=\"pg-92-1\"  class=\"panel-grid panel-no-style\" ><div id=\"pgc-92-1-0\"  class=\"panel-grid-cell\" ><div id=\"panel-92-1-0-0\" class=\"so-panel widget widget_bwp_gallery_slideshow bwp_gallery_slideshow panel-first-child panel-last-child\" data-index=\"1\" ><h3 class=\"widget-title\">Bilder der Praxisr\u00e4ume<\/h3><style id=\"bwg-style-0\">  #bwg_container1_0 {\n    display: table;\n\t\/*visibility: hidden;*\/\n  }\n  #bwg_container1_0 * {\n\t  -moz-user-select: none;\n\t  -khtml-user-select: none;\n\t  -webkit-user-select: none;\n\t  -ms-user-select: none;\n\t  user-select: none;\n  }\n  #bwg_container1_0 #bwg_container2_0 .bwg_slideshow_image_wrap_0 {\n\t  background-color: #F2F2F2;\n\t  width: 300px;\n\t  height: 300px;\n  }\n  #bwg_container1_0 #bwg_container2_0 .bwg_slideshow_image_0 {\n\t  max-width: 300px;\n\t  max-height: 260px;\n  }\n  #bwg_container1_0 #bwg_container2_0 .bwg_slideshow_embed_0 {\n    width: 300px;\n    height: 260px;\n  }\n  #bwg_container1_0 #bwg_container2_0 #bwg_slideshow_play_pause_0 {\n\t  background: transparent url(\"https:\/\/www.praxis-kraemer.com\/wordpress\/wp-content\/plugins\/photo-gallery\/images\/blank.gif\") repeat scroll 0 0;\n  }\n  #bwg_container1_0 #bwg_container2_0 #bwg_slideshow_play_pause-ico_0 {\n    color: #D6D6D6;\n    font-size: 35px;\n  }\n  #bwg_container1_0 #bwg_container2_0 #bwg_slideshow_play_pause-ico_0:hover {\n\t  color: #BABABA;\n  }\n  #bwg_container1_0 #bwg_container2_0 #spider_slideshow_left_0,\n  #bwg_container1_0 #bwg_container2_0 #spider_slideshow_right_0 {\n\t  background: transparent url(\"https:\/\/www.praxis-kraemer.com\/wordpress\/wp-content\/plugins\/photo-gallery\/images\/blank.gif\") repeat scroll 0 0;\n  }\n  #bwg_container1_0 #bwg_container2_0 #spider_slideshow_left-ico_0,\n  #bwg_container1_0 #bwg_container2_0 #spider_slideshow_right-ico_0 {\n\t  background-color: #FFFFFF;\n\t  border-radius: 20px;\n\t  border: 0px none #FFFFFF;\n\t  box-shadow: 0px 0px 0px #000000;\n\t  color: #D6D6D6;\n\t  height: 37px;\n\t  font-size: 12px;\n\t  width: 37px;\n\t  opacity: 1.00;\n  }\n  #bwg_container1_0 #bwg_container2_0 #spider_slideshow_left-ico_0:hover,\n  #bwg_container1_0 #bwg_container2_0 #spider_slideshow_right-ico_0:hover {\n\t  color: #BABABA;\n  }\n      #spider_slideshow_left-ico_0{\n      left: -9999px;\n    }\n    #spider_slideshow_right-ico_0{\n      left: -9999px;\n    }\n      #bwg_container1_0 #bwg_container2_0 .bwg_slideshow_image_container_0 {\n\t  bottom: 40px;\n\t  width: 300px;\n\t  height: 300px;\n\t}\n\t#bwg_container1_0 #bwg_container2_0 .bwg_slideshow_filmstrip_container_0 {\n\t  display: table;\n\t  height: 40px;\n\t  width: 300px;\n\t  bottom: 0;\n  }\n  \/* Filmstrip dimension *\/\n  #bwg_container1_0 #bwg_container2_0 .bwg_slideshow_filmstrip_0 {\n\t  left: 20px;\n\t  width: 260px;\n\t  \/*z-index: 10106;*\/\n  }\n  #bwg_container1_0 #bwg_container2_0 .bwg_slideshow_filmstrip_thumbnails_0 {\n    left: 0px;\n    width: 292px;\n    height: 40px;\n  }\n  #bwg_container1_0 #bwg_container2_0 .bwg_slideshow_filmstrip_thumbnail_0 {\n    width: 71px;\n    height: 40px;\n    margin: 0px 2px 0 0 ;\n    border: 0px none #000000;\n    border-radius: 0;\n  }\n  #bwg_container1_0 #bwg_container2_0 .bwg_slideshow_thumb_active_0 {\n\t  border: 0px solid #FFFFFF;\n  }\n  #bwg_container1_0 #bwg_container2_0 .bwg_slideshow_thumb_deactive_0 {\n    opacity: 1.00;\n  }\n  #bwg_container1_0 #bwg_container2_0 .bwg_slideshow_filmstrip_left_0,\n  #bwg_container1_0 #bwg_container2_0 .bwg_slideshow_filmstrip_left_disabled_0 {\n\t  background-color: #F2F2F2;\n\t  display: table-cell;\n\t  width: 20px;\n\t  left: 0;\n\t  \t    }\n  #bwg_container1_0 #bwg_container2_0 .bwg_slideshow_filmstrip_right_0,\n  #bwg_container1_0 #bwg_container2_0 .bwg_slideshow_filmstrip_right_disabled_0 {\n\t  background-color: #F2F2F2;\n    display: table-cell;\n    right: 0;\n\t  width: 20px;\n\t  \t    }\n  #bwg_container1_0 #bwg_container2_0 .bwg_slideshow_filmstrip_left_0 i,\n  #bwg_container1_0 #bwg_container2_0 .bwg_slideshow_filmstrip_right_0 i,\n  #bwg_container1_0 #bwg_container2_0 .bwg_slideshow_filmstrip_left_disabled_0 i,\n  #bwg_container1_0 #bwg_container2_0 .bwg_slideshow_filmstrip_right_disabled_0 i {\n\t  color: #BABABA;\n\t  font-size: 20px;\n  }\n  #bwg_container1_0 #bwg_container2_0 .bwg_slideshow_filmstrip_left_0 {\n    display: none;\n  }\n  #bwg_container1_0 #bwg_container2_0 .bwg_slideshow_filmstrip_left_disabled_0,\n  #bwg_container1_0 #bwg_container2_0 .bwg_slideshow_filmstrip_right_disabled_0 {\n    display: none;\n    opacity: 0.3;\n  }\n  #bwg_container1_0 #bwg_container2_0 .bwg_slideshow_filmstrip_left_disabled_0 {\n    display: table-cell;\n  }\n  #bwg_container1_0 #bwg_container2_0 .bwg_slideshow_watermark_spun_0 {\n\t  text-align: left;\n\t  vertical-align: bottom;\n  }\n  #bwg_container1_0 #bwg_container2_0 .bwg_slideshow_title_spun_0 {\n\t  text-align: right;\n\t  vertical-align: top;\n  }\n  #bwg_container1_0 #bwg_container2_0 .bwg_slideshow_description_spun_0 {\n\t  text-align: right;\n\t  vertical-align: bottom;\n  }\n  #bwg_container1_0 #bwg_container2_0 .bwg_slideshow_watermark_image_0 {\n\t  max-height: 90px;\n\t  max-width: 90px;\n\t  opacity: 0.30;\n  }\n  #bwg_container1_0 #bwg_container2_0 .bwg_slideshow_watermark_text_0,\n  #bwg_container1_0 #bwg_container2_0 .bwg_slideshow_watermark_text_0:hover {\n\t  text-decoration: none;\n\t  margin: 4px;\n\t  position: relative;\n\t  z-index: 15;\n  }\n  #bwg_container1_0 #bwg_container2_0 .bwg_slideshow_title_text_0 {\n\t  font-size: 16px;\n\t  font-family: segoe ui;\n\t  color: #FFFFFF !important;\n\t  opacity: 0.70;\n    border-radius: 5px;\n\t  background-color: #000000;\n\t  padding: 0 0 0 0;\n\t  \t\tmargin: 5px;\n\t  \t    }\n  #bwg_container1_0 #bwg_container2_0 .bwg_slideshow_description_text_0 {\n\t  font-size: 14px;\n\t  font-family: segoe ui;\n\t  color: #FFFFFF !important;\n\t  opacity: 0.70;\n    border-radius: 0;\n\t  background-color: #000000;\n\t  padding: 5px 10px 5px 10px;\n\t    }\n  #bwg_container1_0 #bwg_container2_0 .bwg_slideshow_description_text_0 * {\n\ttext-decoration: none;\n\tcolor: #FFFFFF !important;\n  }\n  #bwg_container1_0 #bwg_container2_0 .bwg_slideshow_dots_0 {\n\t  width: 12px;\n\t  height: 12px;\n\t  border-radius: 5px;\n\t  background: #F2D22E;\n\t  margin: 3px;\n  }\n  #bwg_container1_0 #bwg_container2_0 .bwg_slideshow_dots_container_0 {\n\t  width: 300px;\n\t  bottom: 0;\n  }\n  #bwg_container1_0 #bwg_container2_0 .bwg_slideshow_dots_thumbnails_0 {\n\t  height: 18px;\n\t  width: 72px;\n  }\n  #bwg_container1_0 #bwg_container2_0 .bwg_slideshow_dots_active_0 {\n\t  background: #FFFFFF;\n\t  border: 1px solid #000000;\n  }\n  <\/style>\n    <div id=\"bwg_container1_0\"\n         class=\"bwg_container bwg_thumbnail bwg_slideshow \"\n         data-right-click-protection=\"1\"\n         data-bwg=\"0\"\n         data-scroll=\"0\"\n         data-gallery-type=\"slideshow\"\n         data-gallery-view-type=\"slideshow\"\n         data-current-url=\"\/wordpress\/wp-json\/wp\/v2\/pages\/92\"\n         data-lightbox-url=\"https:\/\/www.praxis-kraemer.com\/wordpress\/wp-admin\/admin-ajax.php?action=GalleryBox&#038;current_view=0&#038;gallery_id=1&#038;tag=0&#038;theme_id=1&#038;shortcode_id=0&#038;sort_by=order&#038;order_by=asc&#038;current_url=%2Fwordpress%2Fwp-json%2Fwp%2Fv2%2Fpages%2F92\"\n         data-gallery-id=\"1\"\n         data-popup-width=\"800\"\n         data-popup-height=\"500\"\n         data-is-album=\"gallery\"\n         data-buttons-position=\"bottom\">\n      <div id=\"bwg_container2_0\">\n             <div id=\"ajax_loading_0\" class=\"bwg_loading_div_1\">\n      <div class=\"bwg_loading_div_2\">\n        <div class=\"bwg_loading_div_3\">\n          <div id=\"loading_div_0\" class=\"bwg_spider_ajax_loading\">\n          <\/div>\n        <\/div>\n      <\/div>\n    <\/div>\n            <form id=\"gal_front_form_0\"\n              class=\"bwg-hidden\"              method=\"post\"\n              action=\"#\"\n              data-current=\"0\"\n              data-shortcode-id=\"0\"\n              data-gallery-type=\"slideshow\"\n              data-gallery-id=\"1\"\n              data-tag=\"0\"\n              data-album-id=\"0\"\n              data-theme-id=\"1\"\n              data-ajax-url=\"https:\/\/www.praxis-kraemer.com\/wordpress\/wp-admin\/admin-ajax.php?action=bwg_frontend_data\">\n          <div id=\"bwg_container3_0\" class=\"bwg-background bwg-background-0\">\n              <div class=\"bwg_slideshow_image_wrap_0 bwg-slideshow-images-wrapper bwg-container\"\n       data-bwg=\"0\"\n       data-lightbox-url=\"https:\/\/www.praxis-kraemer.com\/wordpress\/wp-admin\/admin-ajax.php?action=GalleryBox&#038;current_view=0&#038;gallery_id=1&#038;tag=0&#038;theme_id=1&#038;shortcode_id=0&#038;sort_by=order&#038;order_by=asc&#038;current_url=%2Fwordpress%2Fwp-json%2Fwp%2Fv2%2Fpages%2F92\">\n          <div class=\"bwg_slideshow_filmstrip_container_0\">\n        <div class=\"bwg_slideshow_filmstrip_left_0\">\n          <i class=\"bwg-icon-angle-left\"><\/i>\n        <\/div>\n        <div class=\"bwg_slideshow_filmstrip_left_disabled_0\">\n          <i class=\"bwg-icon-angle-left\"><\/i>\n        <\/div>\n        <div class=\"bwg_slideshow_filmstrip_0 bwg_slideshow_filmstrip\">\n          <div class=\"bwg_slideshow_filmstrip_thumbnails_0\">\n                          <div id=\"bwg_filmstrip_thumbnail_0_0\"\n                class=\"bwg_slideshow_filmstrip_thumbnail_0 bwg_slideshow_thumb_active_0\"\n                data-style=\"width:71px; height:40px;\">\n                <img decoding=\"async\" class=\"bwg_filmstrip_thumbnail_img bwg_slideshow_filmstrip_thumbnail_img_0\"\n                  style=\"width:71px; height:47.286px; margin-left: 0px; margin-top: -3.643px;\"\n                  data-style=\"width:71px; height:47.286px; margin-left: 0px; margin-top: -3.643px;\"\n                  src=\"https:\/\/www.praxis-kraemer.com\/wordpress\/wp-content\/uploads\/photo-gallery\/thumb\/bewegungsraum1.jpg\"\n                  data-src=\"https:\/\/www.praxis-kraemer.com\/wordpress\/wp-content\/uploads\/photo-gallery\/thumb\/bewegungsraum1.jpg\"\n                  onclick=\"bwg_change_image(parseInt(jQuery('#bwg_current_image_key_0').val()), '0', '', '', '0')\"\n                  image_id=\"4\"\n                  image_key=\"0\"\n                  alt=\"Bewegungsraum\"\n                  title=\"Bewegungsraum\" \/>\n              <\/div>\n                            <div id=\"bwg_filmstrip_thumbnail_1_0\"\n                class=\"bwg_slideshow_filmstrip_thumbnail_0 bwg_slideshow_thumb_deactive_0\"\n                data-style=\"width:71px; height:40px;\">\n                <img decoding=\"async\" class=\"bwg_filmstrip_thumbnail_img bwg_slideshow_filmstrip_thumbnail_img_0\"\n                  style=\"width:71px; height:47.286px; margin-left: 0px; margin-top: -3.643px;\"\n                  data-style=\"width:71px; height:47.286px; margin-left: 0px; margin-top: -3.643px;\"\n                  src=\"https:\/\/www.praxis-kraemer.com\/wordpress\/wp-content\/uploads\/photo-gallery\/thumb\/spiegel.jpg\"\n                  data-src=\"https:\/\/www.praxis-kraemer.com\/wordpress\/wp-content\/uploads\/photo-gallery\/thumb\/spiegel.jpg\"\n                  onclick=\"bwg_change_image(parseInt(jQuery('#bwg_current_image_key_0').val()), '1', '', '', '0')\"\n                  image_id=\"3\"\n                  image_key=\"1\"\n                  alt=\"Handtherapieraum\"\n                  title=\"Handtherapieraum\" \/>\n              <\/div>\n                            <div id=\"bwg_filmstrip_thumbnail_2_0\"\n                class=\"bwg_slideshow_filmstrip_thumbnail_0 bwg_slideshow_thumb_deactive_0\"\n                data-style=\"width:71px; height:40px;\">\n                <img decoding=\"async\" class=\"bwg_filmstrip_thumbnail_img bwg_slideshow_filmstrip_thumbnail_img_0\"\n                  style=\"width:71px; height:47.286px; margin-left: 0px; margin-top: -3.643px;\"\n                  data-style=\"width:71px; height:47.286px; margin-left: 0px; margin-top: -3.643px;\"\n                  src=\"https:\/\/www.praxis-kraemer.com\/wordpress\/wp-content\/uploads\/photo-gallery\/thumb\/IMG_6070.jpg\"\n                  data-src=\"https:\/\/www.praxis-kraemer.com\/wordpress\/wp-content\/uploads\/photo-gallery\/thumb\/IMG_6070.jpg\"\n                  onclick=\"bwg_change_image(parseInt(jQuery('#bwg_current_image_key_0').val()), '2', '', '', '0')\"\n                  image_id=\"2\"\n                  image_key=\"2\"\n                  alt=\"Behandlungsliege\"\n                  title=\"Behandlungsliege\" \/>\n              <\/div>\n                            <div id=\"bwg_filmstrip_thumbnail_3_0\"\n                class=\"bwg_slideshow_filmstrip_thumbnail_0 bwg_slideshow_thumb_deactive_0\"\n                data-style=\"width:71px; height:40px;\">\n                <img decoding=\"async\" class=\"bwg_filmstrip_thumbnail_img bwg_slideshow_filmstrip_thumbnail_img_0\"\n                  style=\"width:71px; height:42.6px; margin-left: 0px; margin-top: -1.3px;\"\n                  data-style=\"width:71px; height:42.6px; margin-left: 0px; margin-top: -1.3px;\"\n                  src=\"https:\/\/www.praxis-kraemer.com\/wordpress\/wp-content\/uploads\/photo-gallery\/thumb\/20160211_121122.jpg\"\n                  data-src=\"https:\/\/www.praxis-kraemer.com\/wordpress\/wp-content\/uploads\/photo-gallery\/thumb\/20160211_121122.jpg\"\n                  onclick=\"bwg_change_image(parseInt(jQuery('#bwg_current_image_key_0').val()), '3', '', '', '0')\"\n                  image_id=\"1\"\n                  image_key=\"3\"\n                  alt=\"Eingangsbereich\"\n                  title=\"Eingangsbereich\" \/>\n              <\/div>\n                        <\/div>\n        <\/div>\n        <div class=\"bwg_slideshow_filmstrip_right_0\">\n          <i class=\"bwg-icon-angle-right\"><\/i>\n        <\/div>\n        <div class=\"bwg_slideshow_filmstrip_right_disabled_0\">\n          <i class=\"bwg-icon-angle-right\"><\/i>\n        <\/div>\n      <\/div>\n          <div id=\"bwg_slideshow_image_container_0\"\n         class=\"bwg_slideshow_image_container_0\"\n         data-params='{&quot;bwg_source&quot;:&quot;slider&quot;,&quot;bwg_current_key&quot;:&quot;&quot;,&quot;bwg_transition_duration&quot;:100,&quot;bwg_trans_in_progress&quot;:false,&quot;data&quot;:[{&quot;id&quot;:&quot;4&quot;,&quot;alt&quot;:&quot;Bewegungsraum&quot;,&quot;description&quot;:&quot;Unser Bewegungsraum&quot;,&quot;filetype&quot;:&quot;JPG&quot;,&quot;filename&quot;:&quot;bewegungsraum1&quot;,&quot;image_url&quot;:&quot;\\\/bewegungsraum1.jpg&quot;,&quot;thumb_url&quot;:&quot;\\\/thumb\\\/bewegungsraum1.jpg&quot;,&quot;redirect_url&quot;:&quot;&quot;,&quot;date&quot;:&quot;2018-06-01 16:10:00&quot;,&quot;is_embed&quot;:false,&quot;is_embed_video&quot;:false,&quot;image_width&quot;:&quot;960&quot;,&quot;image_height&quot;:&quot;640&quot;,&quot;thumb_width&quot;:&quot;500.00&quot;,&quot;thumb_height&quot;:&quot;333.00&quot;},{&quot;id&quot;:&quot;3&quot;,&quot;alt&quot;:&quot;Handtherapieraum&quot;,&quot;description&quot;:&quot;Unser Behandlungsraum f\\u00fcr Handtherapie&quot;,&quot;filetype&quot;:&quot;JPG&quot;,&quot;filename&quot;:&quot;spiegel&quot;,&quot;image_url&quot;:&quot;\\\/spiegel.jpg&quot;,&quot;thumb_url&quot;:&quot;\\\/thumb\\\/spiegel.jpg&quot;,&quot;redirect_url&quot;:&quot;&quot;,&quot;date&quot;:&quot;2018-06-01 16:10:00&quot;,&quot;is_embed&quot;:false,&quot;is_embed_video&quot;:false,&quot;image_width&quot;:&quot;960&quot;,&quot;image_height&quot;:&quot;640&quot;,&quot;thumb_width&quot;:&quot;500.00&quot;,&quot;thumb_height&quot;:&quot;333.00&quot;},{&quot;id&quot;:&quot;2&quot;,&quot;alt&quot;:&quot;Behandlungsliege&quot;,&quot;description&quot;:&quot;Unsere Behandlungsliege&quot;,&quot;filetype&quot;:&quot;JPG&quot;,&quot;filename&quot;:&quot;IMG 6070&quot;,&quot;image_url&quot;:&quot;\\\/IMG_6070.jpg&quot;,&quot;thumb_url&quot;:&quot;\\\/thumb\\\/IMG_6070.jpg&quot;,&quot;redirect_url&quot;:&quot;&quot;,&quot;date&quot;:&quot;2018-06-01 16:10:00&quot;,&quot;is_embed&quot;:false,&quot;is_embed_video&quot;:false,&quot;image_width&quot;:&quot;1200&quot;,&quot;image_height&quot;:&quot;800&quot;,&quot;thumb_width&quot;:&quot;500.00&quot;,&quot;thumb_height&quot;:&quot;333.00&quot;},{&quot;id&quot;:&quot;1&quot;,&quot;alt&quot;:&quot;Eingangsbereich&quot;,&quot;description&quot;:&quot;Unser Eingangsbereich&quot;,&quot;filetype&quot;:&quot;JPG&quot;,&quot;filename&quot;:&quot;20160211 121122&quot;,&quot;image_url&quot;:&quot;\\\/20160211_121122.jpg&quot;,&quot;thumb_url&quot;:&quot;\\\/thumb\\\/20160211_121122.jpg&quot;,&quot;redirect_url&quot;:&quot;&quot;,&quot;date&quot;:&quot;2018-06-01 16:15:00&quot;,&quot;is_embed&quot;:false,&quot;is_embed_video&quot;:false,&quot;image_width&quot;:&quot;1200&quot;,&quot;image_height&quot;:&quot;720&quot;,&quot;thumb_width&quot;:&quot;500.00&quot;,&quot;thumb_height&quot;:&quot;300.00&quot;}],&quot;width_or_height&quot;:&quot;width&quot;,&quot;filmstrip_thumb_margin_hor&quot;:2,&quot;left_or_top&quot;:&quot;left&quot;,&quot;outerWidth_or_outerHeight&quot;:&quot;outerWidth&quot;,&quot;enable_slideshow_shuffle&quot;:0,&quot;lightbox_filmstrip_thumb_border_width&quot;:&quot;1&quot;,&quot;thumb_click_action&quot;:&quot;open_lightbox&quot;,&quot;thumb_link_target&quot;:&quot;1&quot;,&quot;upload_url&quot;:&quot;https:\\\/\\\/www.praxis-kraemer.com\\\/wordpress\\\/wp-content\\\/uploads\\\/photo-gallery&quot;,&quot;preload_images&quot;:&quot;1&quot;,&quot;slideshow_effect&quot;:&quot;fade&quot;,&quot;event_stack&quot;:&quot;&quot;,&quot;preload_images_count&quot;:10,&quot;image_width&quot;:300,&quot;image_height&quot;:300,&quot;thumb_width&quot;:&quot;250&quot;,&quot;thumb_height&quot;:&quot;140&quot;,&quot;filmstrip_direction&quot;:&quot;horizontal&quot;,&quot;slideshow_filmstrip_type&quot;:1,&quot;slideshow_thumbnails_count&quot;:5,&quot;slideshow_filmstrip_width&quot;:71,&quot;slideshow_filmstrip_height&quot;:40,&quot;slideshow_filmstrip_rl_btn_size&quot;:&quot;20&quot;,&quot;slideshow_play_pause_btn_size&quot;:&quot;35&quot;,&quot;watermark_type&quot;:&quot;90&quot;,&quot;watermark_height&quot;:&quot;90&quot;,&quot;watermark_font_size&quot;:&quot;20&quot;,&quot;slideshow_title_font_size&quot;:&quot;16&quot;,&quot;slideshow_description_font_size&quot;:&quot;14&quot;,&quot;bwg_playInterval&quot;:&quot;&quot;,&quot;slideshow_interval&quot;:5,&quot;image_right_click&quot;:&quot;1&quot;,&quot;enable_slideshow_autoplay&quot;:1,&quot;enable_slideshow_music&quot;:&quot;0&quot;,&quot;bwg_current_filmstrip_pos&quot;:0}'\n         data-filmstrip-position=\"bottom\"\n         data-filmstrip-size=\"40\">\n      <div class=\"bwg_slide_container_0\">\n        <div class=\"bwg_slide_bg_0\">\n          <div class=\"bwg_slider_0\">\n                            <span class=\"bwg_slideshow_image_spun_0\" id=\"image_id_0_4\">\n                    <span class=\"bwg_slideshow_image_spun1_0\">\n                      <span class=\"bwg_slideshow_image_spun2_0\">\n                                                  <a  class=\"bwg-a bwg_lightbox\" href=\"https:\/\/www.praxis-kraemer.com\/wordpress\/wp-content\/uploads\/photo-gallery\/bewegungsraum1.jpg\" data-image-id=\"4\" data-elementor-open-lightbox=\"no\">\n                          <img decoding=\"async\" id=\"bwg_slideshow_image_0\"\n                               class=\"skip-lazy bwg_slide bwg_slideshow_image_0 \"\n                               src=\"https:\/\/www.praxis-kraemer.com\/wordpress\/wp-content\/uploads\/photo-gallery\/bewegungsraum1.jpg\"\n                               data-src=\"https:\/\/www.praxis-kraemer.com\/wordpress\/wp-content\/uploads\/photo-gallery\/bewegungsraum1.jpg\"\n                               image_id=\"4\"\n                               alt=\"Bewegungsraum\" \/>\n                          <\/a>\n                                                <\/span>\n                    <\/span>\n                  <\/span>\n                <span class=\"bwg_slideshow_image_second_spun_0\">\n                  <\/span>\n                <input type=\"hidden\" id=\"bwg_current_image_key_0\" value=\"0\" \/>\n                          <\/div>\n        <\/div>\n      <\/div>\n          <\/div>\n      <\/div>\n            <\/div>\n        <\/form>\n        <style>          #bwg_container1_0 #bwg_container2_0 #spider_popup_overlay_0 {\n          background-color: #EEEEEE;\n          opacity: 0.60;\n          }\n          <\/style>        <div id=\"bwg_spider_popup_loading_0\" class=\"bwg_spider_popup_loading\"><\/div>\n        <div id=\"spider_popup_overlay_0\" class=\"spider_popup_overlay\" onclick=\"spider_destroypopup(1000)\"><\/div>\n        <input type=\"hidden\" id=\"bwg_random_seed_0\" value=\"1033233335\">\n                <\/div>\n    <\/div>\n    <script>\n      if (document.readyState === 'complete') {\n        if( typeof bwg_main_ready == 'function' ) {\n          if ( jQuery(\"#bwg_container1_0\").height() ) {\n            bwg_main_ready(jQuery(\"#bwg_container1_0\"));\n          }\n        }\n      } else {\n        document.addEventListener('DOMContentLoaded', function() {\n          if( typeof bwg_main_ready == 'function' ) {\n            if ( jQuery(\"#bwg_container1_0\").height() ) {\n             bwg_main_ready(jQuery(\"#bwg_container1_0\"));\n            }\n          }\n        });\n      }\n    <\/script>\n    <\/div><\/div><div id=\"pgc-92-1-1\"  class=\"panel-grid-cell\" ><div id=\"panel-92-1-1-0\" class=\"so-panel widget widget_sow-editor panel-first-child panel-last-child\" data-index=\"2\" ><div\n\t\t\t\n\t\t\tclass=\"so-widget-sow-editor so-widget-sow-editor-base\"\n\t\t\t\n\t\t>\n<div class=\"siteorigin-widget-tinymce textwidget\">\n\t<h2>Behandlung durch Handeln<\/h2>\n<p>Das Behandlungsfeld der Ergotherapie ist vielf\u00e4ltig. Bei komplexen Verletzungen der oberen Extremit\u00e4t, Sehnendurchtrennungen an Fingern und H\u00e4nden, Nervenverletzungen, L\u00e4hmungen bei Querschnittverletzungen oder nach Schlaganfall k\u00fcmmern sich Ergotherapeuten um die Wiedererlangung wichtiger allt\u00e4glicher Funktionen. Neben motorischen und neurologischen Schwierigkeiten besch\u00e4ftigt sich die Ergotherapie auch mit psychischen Erkrankungen. Im Vordergrund stehen dabei immer die Handlungsf\u00e4higkeit einer Person in ihrem Alltag, die Teilhabe am gesellschaftlichen Leben sowie die Zufriedenheit damit. Welche Therapieziele wichtig sind entscheiden sie ma\u00dfgeblich mit!<\/p>\n<\/div>\n<\/div><\/div><\/div><\/div><div id=\"pg-92-2\"  class=\"panel-grid panel-no-style\" ><div id=\"pgc-92-2-0\"  class=\"panel-grid-cell\" ><div id=\"panel-92-2-0-0\" class=\"so-panel widget widget_sow-editor panel-first-child panel-last-child\" data-index=\"3\" ><div\n\t\t\t\n\t\t\tclass=\"so-widget-sow-editor so-widget-sow-editor-base\"\n\t\t\t\n\t\t>\n<div class=\"siteorigin-widget-tinymce textwidget\">\n\t<h2>Der Weg zur Ergotherapieverordnung<\/h2>\n<p>Die Ergotherapie ist ein \u00e4rztlich verordnetes Heilmittel und ist fester Bestandteil des Heilmittelkatalogs. Damit \u00fcbernehmen die Krankenkassen die Kosten einer Behandlung sofern ein Arzt die Indikation f\u00fcr eine Ergotherapie sieht und dieser eine Verordnung ausgestellt hat. Bei privaten Krankenversicherungen ist die Ergotherapie in der Regel eine vertraglich eingeschlossene Leistung. In seltenen F\u00e4llen schlie\u00dft eine PKV die Leistung der Ergotherapie aus. Daher empfiehlt es sich im Vorfeld die Vertr\u00e4ge zu pr\u00fcfen. Eine korrekt ausgestellte Ergotherapieverordnung ist f\u00fcr die Behandlung unabdingbar. Dabei ist es unerheblich ob man gesetzlich Versicherter oder Privatpatient ist.<\/p>\n<p>Ohne g\u00fcltige \u00e4rztliche Verordnung darf keine ergotherapeutische Behandlung erfolgen. Sollte Ihr Arzt unsicher sein ob eine Ergotherapie in Ihrem Fall sinnvoll sein kann oder welche Daten auf die Verordnung geh\u00f6ren, darf er sich gerne mit uns in Verbindung setzen. Wir helfen schnell und unkompliziert!<\/p>\n<\/div>\n<\/div><\/div><\/div><\/div><\/div>","protected":false},"excerpt":{"rendered":"<p>Was ist Ergotherapie? Ergotherapie ist ein \u00e4rztlich verordnetes Heilmittel, welches Menschen jeden Alters begleitet und unterst\u00fctzt, die in Ihrer Handlungsf\u00e4higkeit im Alltag eingeschr\u00e4nkt oder von Einschr\u00e4nkung bedroht sind. Dabei betrachtet die Ergotherapie die drei Lebensbereiche Produktivit\u00e4t, Selbstversorgung und Freizeit, sowie die individuelle Umwelt in der die Handlungen und Aktivit\u00e4ten einer Person eingebunden sind. Ziel ist&hellip; <br \/> <a class=\"read-more\" href=\"https:\/\/www.praxis-kraemer.com\/wordpress\/ergotherapie-in-ahrweiler\/\">Weiterlesen<\/a><\/p>\n","protected":false},"author":1,"featured_media":0,"parent":0,"menu_order":0,"comment_status":"closed","ping_status":"closed","template":"page-templates\/homepage.php","meta":{"footnotes":""},"class_list":["post-92","page","type-page","status-publish","hentry"],"_links":{"self":[{"href":"https:\/\/www.praxis-kraemer.com\/wordpress\/wp-json\/wp\/v2\/pages\/92","targetHints":{"allow":["GET"]}}],"collection":[{"href":"https:\/\/www.praxis-kraemer.com\/wordpress\/wp-json\/wp\/v2\/pages"}],"about":[{"href":"https:\/\/www.praxis-kraemer.com\/wordpress\/wp-json\/wp\/v2\/types\/page"}],"author":[{"embeddable":true,"href":"https:\/\/www.praxis-kraemer.com\/wordpress\/wp-json\/wp\/v2\/users\/1"}],"replies":[{"embeddable":true,"href":"https:\/\/www.praxis-kraemer.com\/wordpress\/wp-json\/wp\/v2\/comments?post=92"}],"version-history":[{"count":11,"href":"https:\/\/www.praxis-kraemer.com\/wordpress\/wp-json\/wp\/v2\/pages\/92\/revisions"}],"predecessor-version":[{"id":340,"href":"https:\/\/www.praxis-kraemer.com\/wordpress\/wp-json\/wp\/v2\/pages\/92\/revisions\/340"}],"wp:attachment":[{"href":"https:\/\/www.praxis-kraemer.com\/wordpress\/wp-json\/wp\/v2\/media?parent=92"}],"curies":[{"name":"wp","href":"https:\/\/api.w.org\/{rel}","templated":true}]}}