{"id":9,"date":"2018-05-30T16:05:49","date_gmt":"2018-05-30T14:05:49","guid":{"rendered":"https:\/\/www.praxis-kraemer.com\/wordpress\/?page_id=9"},"modified":"2025-06-13T15:55:48","modified_gmt":"2025-06-13T13:55:48","slug":"ueber-uns","status":"publish","type":"page","link":"https:\/\/www.praxis-kraemer.com\/wordpress\/ueber-uns\/","title":{"rendered":"\u00dcber uns"},"content":{"rendered":"<div id=\"pl-9\"  class=\"panel-layout\" ><div id=\"pg-9-0\"  class=\"panel-grid panel-no-style\" ><div id=\"pgc-9-0-0\"  class=\"panel-grid-cell\" ><div id=\"panel-9-0-0-0\" class=\"so-panel widget widget_sow-image panel-first-child panel-last-child\" data-index=\"0\" ><div\n\t\t\t\n\t\t\tclass=\"so-widget-sow-image so-widget-sow-image-default-8b5b6f678277-9\"\n\t\t\t\n\t\t>\n<div class=\"sow-image-container\">\n\t\t<img \n\tsrc=\"https:\/\/www.praxis-kraemer.com\/wordpress\/wp-content\/uploads\/2018\/06\/bjoern.jpg\" width=\"240\" height=\"234\" sizes=\"(max-width: 240px) 100vw, 240px\" title=\"Bj\u00f6rn Kr\u00e4mer\" alt=\"Bj\u00f6rn Kr\u00e4mer\" \t\tclass=\"so-widget-image\"\/>\n\t<\/div>\n\n<\/div><\/div><\/div><div id=\"pgc-9-0-1\"  class=\"panel-grid-cell\" ><div id=\"panel-9-0-1-0\" class=\"so-panel widget widget_sow-editor panel-first-child panel-last-child\" data-index=\"1\" ><div\n\t\t\t\n\t\t\tclass=\"so-widget-sow-editor so-widget-sow-editor-base\"\n\t\t\t\n\t\t><h3 class=\"widget-title\">\u00dcber uns - Wer sind wir?<\/h3>\n<div class=\"siteorigin-widget-tinymce textwidget\">\n\t<div class=\"box_bjoern\">\n<p>Mein Name ist <strong>Bj\u00f6rn Kr\u00e4mer<\/strong>, mit meiner Heimat bin ich so verwurzelt, dass ich mich entschied dort eine Praxis f\u00fcr Ergotherapie und Psychotherapie zu er\u00f6ffnen. Nach einigen Semester BWL Studium entschied ich mich f\u00fcr eine Ausbildung zum Ergotherapeuten. Zeitgleich absolvierte ich eine Ausbildung zum Heilpraktiker f\u00fcr Psychotherapie. Nach bestandenem Examen sammelte ich erste Praxiserfahrung in K\u00f6ln, w\u00e4hrend dieser Zeit absolvierte ich bereits diverse Weiterbildungen und beendete 2012 erfolgreich mein Studium der \"Medizinalfachberufe\" an der Fachhochschule Nordhessen mit dem Bachelor of Arts. Es folgte die Arbeit in einem Therapieinstitut, die Leitung einer Ergotherapieschule in K\u00f6ln und die Arbeit in einer Praxis f\u00fcr Ergotherapie als Leitung. W\u00e4hrend dieser Zeit war ich stets selbstst\u00e4ndig mit einer Praxis f\u00fcr Psychotherapie nach dem Heilpraktikergesetz. Kontinuierliche Fort- und Weiterbildung sind f\u00fcr mich ein wesentlicher Bestandteil pers\u00f6nlicher und fachlicher Weiterentwicklung.<\/p>\n<p>\"Der Behandler hat nur eine Aufgabe: zu heilen. Und wenn es ihm gelingt, ist es gleichg\u00fcltig, auf welchem Wege es ihm gelingt.\"<\/p>\n<\/div>\n<p>&nbsp;<\/p>\n<\/div>\n<\/div><\/div><\/div><\/div><div id=\"pg-9-1\"  class=\"panel-grid panel-no-style\" ><div id=\"pgc-9-1-0\"  class=\"panel-grid-cell\" ><div id=\"panel-9-1-0-0\" class=\"so-panel widget widget_sow-editor panel-first-child panel-last-child\" data-index=\"2\" ><div\n\t\t\t\n\t\t\tclass=\"so-widget-sow-editor so-widget-sow-editor-base\"\n\t\t\t\n\t\t><h3 class=\"widget-title\">Stellenangebote<\/h3>\n<div class=\"siteorigin-widget-tinymce textwidget\">\n\t<p>Sie sind Ergotherapeut\/in und auf der Suche nach einer neuen Herausforderung?<\/p>\n<p>Dann d\u00fcrfen Sie sich jederzeit bewerben. Sollte eine Stelle vacant sein, werden wir uns mit Ihnen in Verbindung setzen.<\/p>\n<p>Was wir bieten:<\/p>\n<ul>\n<li>Ein \u00fcberdurchschnittliches Gehalt<\/li>\n<li>Individuell gestaltbare Arbeitszeiten<\/li>\n<li>Unterst\u00fctzung bei Fortbildungen<\/li>\n<li>Leistungsabh\u00e4ngige Sondergratifikationen<\/li>\n<li>Einen Chef der beide Seiten der Medallie kennt und Erfahrung in der F\u00fcrung von Mitarbeitern besitzt daher:\n<ul>\n<li>Keine Unbezahlten T\u00e4tigkeiten wie Dokumentation oder das schreiben von Berichten<\/li>\n<li>Keine Hausbesuche mit dem eigenen PKW<\/li>\n<li>Keine St\u00f6rungen im Urlaub oder in Ihrer Freizeit<\/li>\n<\/ul>\n<\/li>\n<\/ul>\n<p>War wir erwarten?<\/p>\n<ul>\n<li>Die Erlaubsnis zum F\u00fchrung der Berufsbezeichnung \"Ergotherapeut\/in\"<\/li>\n<li>Ergotherapie ist f\u00fcr Sie mehr als \"basteln\"<\/li>\n<li>Selbstst\u00e4ndigkeit und eigenverantwortliches Arbeiten<\/li>\n<li>Einwandfreie Umgangsformen<\/li>\n<li>PKW-F\u00fchrerschein (w\u00fcnschenswert)<\/li>\n<li>Erste Berufserfahrung (w\u00fcnschenswert)<\/li>\n<li>Realsitische Vorstellungen<\/li>\n<\/ul>\n<\/div>\n<\/div><\/div><\/div><\/div><\/div>","protected":false},"excerpt":{"rendered":"<p>Mein Name ist Bj\u00f6rn Kr\u00e4mer, mit meiner Heimat bin ich so verwurzelt, dass ich mich entschied dort eine Praxis f\u00fcr Ergotherapie und Psychotherapie zu er\u00f6ffnen. Nach einigen Semester BWL Studium entschied ich mich f\u00fcr eine Ausbildung zum Ergotherapeuten. Zeitgleich absolvierte ich eine Ausbildung zum Heilpraktiker f\u00fcr Psychotherapie. Nach bestandenem Examen sammelte ich erste Praxiserfahrung in&hellip; <br \/> <a class=\"read-more\" href=\"https:\/\/www.praxis-kraemer.com\/wordpress\/ueber-uns\/\">Weiterlesen<\/a><\/p>\n","protected":false},"author":1,"featured_media":0,"parent":0,"menu_order":0,"comment_status":"closed","ping_status":"closed","template":"page-templates\/homepage.php","meta":{"footnotes":""},"class_list":["post-9","page","type-page","status-publish","hentry"],"_links":{"self":[{"href":"https:\/\/www.praxis-kraemer.com\/wordpress\/wp-json\/wp\/v2\/pages\/9","targetHints":{"allow":["GET"]}}],"collection":[{"href":"https:\/\/www.praxis-kraemer.com\/wordpress\/wp-json\/wp\/v2\/pages"}],"about":[{"href":"https:\/\/www.praxis-kraemer.com\/wordpress\/wp-json\/wp\/v2\/types\/page"}],"author":[{"embeddable":true,"href":"https:\/\/www.praxis-kraemer.com\/wordpress\/wp-json\/wp\/v2\/users\/1"}],"replies":[{"embeddable":true,"href":"https:\/\/www.praxis-kraemer.com\/wordpress\/wp-json\/wp\/v2\/comments?post=9"}],"version-history":[{"count":15,"href":"https:\/\/www.praxis-kraemer.com\/wordpress\/wp-json\/wp\/v2\/pages\/9\/revisions"}],"predecessor-version":[{"id":323,"href":"https:\/\/www.praxis-kraemer.com\/wordpress\/wp-json\/wp\/v2\/pages\/9\/revisions\/323"}],"wp:attachment":[{"href":"https:\/\/www.praxis-kraemer.com\/wordpress\/wp-json\/wp\/v2\/media?parent=9"}],"curies":[{"name":"wp","href":"https:\/\/api.w.org\/{rel}","templated":true}]}}