{"id":67,"date":"2025-06-18T13:37:09","date_gmt":"2025-06-18T11:37:09","guid":{"rendered":"https:\/\/www.praxis-kraemer.com\/wordpress\/?page_id=67"},"modified":"2026-03-10T16:17:08","modified_gmt":"2026-03-10T15:17:08","slug":"mesmerize","status":"publish","type":"page","link":"https:\/\/www.praxis-kraemer.com\/wordpress\/","title":{"rendered":"Webseite: Praxis Kr\u00e4mer &#8211; Ergotherapie &#038; Psychotherapie Ahrweiler"},"content":{"rendered":"<div  data-label=\"Overlappable\" data-id=\"overlappable-4\" data-export-id=\"overlappable-4\" data-category=\"overlappable\" class=\"overlappable-4 content-section content-section-spacing\" data-overlap=\"true\" id=\"overlappable-4\" style=\"background-color: rgb(255, 255, 255);\"> <div  class=\"gridContainer\"> <div  data-type=\"row\" class=\"row spaced-cols text-center\"> <div  class=\"col-xs-12 col-sm-4 col-padding col-md-12 \">  <div  data-type=\"column\" class=\"\"> <h3  class=\"\">\u201eEin Arzt kann Ihr Leben retten, aber ein Therapeut hilft Ihnen es zu leben\u201c<\/h3> <p  class=\"\">\r\n<br ><br >Das Leistungssprektrum der Praxis Kr\u00e4mer ist mit dem Heilmittel der Ergotherapie und der Psychotherapie einzigartig im Kreis Ahrweiler. Auf dieser Webseite haben wir Informationen zur Verf\u00fcgung gestellt, die Sie interessieren werden. Unsere modern gestaltete, helle und barrierefreie Praxis befindet sich an der Wilhelmstra\u00dfe 87a am Mittelzentrum von Ahrweiler. Kostenlose Parkpl\u00e4tze befinden sich in ausreichender Anzahl hinter dem Geb\u00e4ude. Die Zufahrt kann \u00fcber die Wilhelmstra\u00dfe aber auch \u00fcber die Albert-Schweitzer-Stra\u00dfe erfolgen. Neben uns befindet sich die Kinderarztpraxis Dr. Uwe Peters sowie die urologische Praxis Dr. Armin Rieger mit im Geb\u00e4ude.&nbsp;<br ><br >Bei uns sind Sie in guten H\u00e4nden: &#8222;Nicht nur behandeln &#8211; begleiten, beraten und bef\u00e4higen.&#8220;<\/p> <\/div> <\/div>   <\/div> <\/div> <\/div><div  data-label=\"Features\" data-id=\"features-13-card-bordered\" data-export-id=\"features-13-card-bordered\" data-category=\"features\" class=\"features-13 content-section content-section-spacing\" id=\"features-7\" style=\"background-color: rgb(255, 255, 255);\"> <div  class=\"gridContainer\"> <div  class=\"row text-center\"> <div  class=\"section-title-col\" data-type=\"column\">   <\/div> <\/div> <div  class=\"row spaced-cols content-center-sm center-sm\" data-type=\"row\">  <div  class=\"col-sm-4 col-md-6 \"> <div  class=\"card bordered y-move\" data-type=\"column\"> <i  class=\"fa icon color1 fa-info-circle reverse round big\"> <\/i> <h4  class=\"\"> Ergotherapie<\/h4> <p  class=\"\">F\u00fcr weiterf\u00fchrende Informationen zur Ergotherapie, klicken sie diesen Button<\/p> <a  class=\"button small y-move color2\" href=\"https:\/\/www.praxis-kraemer.com\/wordpress?page_id=92\" target=\"_self\" data-cp-link=\"1\" rel=\"noopener\"> MEHR ERFAHREN <\/a> <\/div> <\/div> <div  class=\"col-sm-4 col-md-6 \"> <div  class=\"card bordered y-move\" data-type=\"column\"> <i  class=\"fa icon color1 fa-info-circle reverse round big\"> <\/i> <h4  class=\"\"> Psychotherapie<\/h4> <p  class=\"\"> F\u00fcr weiterf\u00fchrende Informationen zur Psychotherapie, klicken Sie diesen Button<\/p> <a  class=\"button small y-move color2\" href=\"https:\/\/www.praxis-kraemer.com\/wordpress?page_id=76\" target=\"_self\" data-cp-link=\"1\" rel=\"noopener\"> MEHR ERFAHREN <\/a> <\/div> <\/div> <\/div> <\/div> <\/div><div  data-label=\"About\" data-id=\"about-1\" data-export-id=\"about-1\" data-category=\"about\" class=\"about-1 content-section content-section-spacing\" id=\"about-1\" style=\"background-color: rgb(245, 250, 253);\"> <div  class=\"gridContainer\"> <div  class=\"row text-center\"> <div  class=\"section-title-col\" data-type=\"column\">     <\/div> <\/div> <div  class=\"row\"> <div  class=\"col-xs bottom-xs flexbox image-group-bottom-3-img space-bottom-xs center-xs\"> <img  decoding=\"async\" class=\"left-img shadow-large-black\" data-size=\"500x300\" src=\"https:\/\/www.praxis-kraemer.com\/wordpress\/wp-content\/uploads\/2018\/05\/cropped-therapie2-1.jpg\"> <img  decoding=\"async\" class=\"center-img shadow-large-black\" data-size=\"500x300\" src=\"https:\/\/www.praxis-kraemer.com\/wordpress\/wp-content\/uploads\/2018\/05\/cropped-bewegungsraum1-1.jpg\"> <img  decoding=\"async\" class=\"right-img shadow-large-black\" data-size=\"500x300\" src=\"https:\/\/www.praxis-kraemer.com\/wordpress\/wp-content\/uploads\/2018\/06\/cropped-spiegel.jpg\"> <\/div> <\/div> <\/div> <\/div>","protected":false},"excerpt":{"rendered":"<p>\u201eEin Arzt kann Ihr Leben retten, aber ein Therapeut hilft Ihnen es zu leben\u201c Das Leistungssprektrum der Praxis Kr\u00e4mer ist mit dem Heilmittel der Ergotherapie und der Psychotherapie einzigartig im Kreis Ahrweiler. Auf dieser Webseite haben wir Informationen zur Verf\u00fcgung gestellt, die Sie interessieren werden. Unsere modern gestaltete, helle und barrierefreie Praxis befindet sich an&hellip; <br \/> <a class=\"read-more\" href=\"https:\/\/www.praxis-kraemer.com\/wordpress\/\">Weiterlesen<\/a><\/p>\n","protected":false},"author":1,"featured_media":0,"parent":0,"menu_order":0,"comment_status":"closed","ping_status":"closed","template":"page-templates\/homepage.php","meta":{"footnotes":""},"class_list":["post-67","page","type-page","status-publish","hentry"],"_links":{"self":[{"href":"https:\/\/www.praxis-kraemer.com\/wordpress\/wp-json\/wp\/v2\/pages\/67","targetHints":{"allow":["GET"]}}],"collection":[{"href":"https:\/\/www.praxis-kraemer.com\/wordpress\/wp-json\/wp\/v2\/pages"}],"about":[{"href":"https:\/\/www.praxis-kraemer.com\/wordpress\/wp-json\/wp\/v2\/types\/page"}],"author":[{"embeddable":true,"href":"https:\/\/www.praxis-kraemer.com\/wordpress\/wp-json\/wp\/v2\/users\/1"}],"replies":[{"embeddable":true,"href":"https:\/\/www.praxis-kraemer.com\/wordpress\/wp-json\/wp\/v2\/comments?post=67"}],"version-history":[{"count":12,"href":"https:\/\/www.praxis-kraemer.com\/wordpress\/wp-json\/wp\/v2\/pages\/67\/revisions"}],"predecessor-version":[{"id":349,"href":"https:\/\/www.praxis-kraemer.com\/wordpress\/wp-json\/wp\/v2\/pages\/67\/revisions\/349"}],"wp:attachment":[{"href":"https:\/\/www.praxis-kraemer.com\/wordpress\/wp-json\/wp\/v2\/media?parent=67"}],"curies":[{"name":"wp","href":"https:\/\/api.w.org\/{rel}","templated":true}]}}